{"id":75127,"date":"2020-02-04T17:23:38","date_gmt":"2020-02-04T14:23:38","guid":{"rendered":"http:\/\/istlog.com\/?page_id=75127"},"modified":"2020-02-17T16:57:27","modified_gmt":"2020-02-17T13:57:27","slug":"adr-tasimaciligi","status":"publish","type":"page","link":"https:\/\/istlog.com\/index.php\/adr-tasimaciligi\/","title":{"rendered":"ADR Ta\u015f\u0131mac\u0131l\u0131\u011f\u0131"},"content":{"rendered":"<p>[vc_row][vc_column][vc_custom_heading text=&#8221;ADR Ta\u015f\u0131mac\u0131l\u0131\u011f\u0131&#8221; font_container=&#8221;tag:h2|text_align:center|color:%23000000&#8243; el_class=&#8221;style1&#8243;][\/vc_column][\/vc_row][vc_row][vc_column][vc_empty_space][\/vc_column][\/vc_row][vc_row][vc_column width=&#8221;1\/2&#8243;][vc_wp_text]<\/p>\n<div id=\"pgc-579-0-0\" class=\"panel-grid-cell\">\n<div id=\"panel-579-0-0-0\" class=\"so-panel widget widget_black-studio-tinymce widget_black_studio_tinymce panel-first-child panel-last-child\" data-index=\"0\">\n<div class=\"textwidget\">\n<p>Istlog Lojistik; t\u00fcm canl\u0131lar ve \u00e7evrenin g\u00fcvenli\u011fini esas alarak, s\u00fcrekli denetim ve e\u011fitimlerle, tehlikeli madde ta\u015f\u0131mac\u0131l\u0131\u011f\u0131nda m\u00fc\u015fterilerine hizmet vermektedir.<\/p>\n<p>ADR belgeleri ve ekipmanlar\u0131na sahip filosu, uzman ve e\u011fitimli s\u00fcr\u00fcc\u00fcleri ile organik veya inorganik kimyevi madde ve g\u0131da \u00fcr\u00fcnleri lojisti\u011fi alanlar\u0131nda, k\u00fcresel ve yerel pazarlarda m\u00fc\u015fterilerinin ihtiya\u00e7lar\u0131na cevap vermektedir.<\/p>\n<\/div>\n<\/div>\n<\/div>\n<div id=\"pgc-579-0-1\" class=\"panel-grid-cell\">\n<div id=\"panel-579-0-1-0\" class=\"so-panel widget widget_black-studio-tinymce widget_black_studio_tinymce panel-first-child panel-last-child\" data-index=\"1\">\n<div class=\"textwidget\"><\/div>\n<\/div>\n<\/div>\n<p>[\/vc_wp_text][\/vc_column][vc_column width=&#8221;1\/2&#8243;][vc_images_carousel images=&#8221;75278,75241,75242,75243&#8243; img_size=&#8221;500*500&#8243;][\/vc_column][\/vc_row]<\/p>\n","protected":false},"excerpt":{"rendered":"<p>[vc_row][vc_column][vc_custom_heading text=&#8221;ADR Ta\u015f\u0131mac\u0131l\u0131\u011f\u0131&#8221; font_container=&#8221;tag:h2|text_align:center|color:%23000000&#8243; el_class=&#8221;style1&#8243;][\/vc_column][\/vc_row][vc_row][vc_column][vc_empty_space][\/vc_column][\/vc_row][vc_row][vc_column width=&#8221;1\/2&#8243;][vc_wp_text] Istlog Lojistik; t\u00fcm canl\u0131lar ve \u00e7evrenin g\u00fcvenli\u011fini esas alarak, s\u00fcrekli denetim ve e\u011fitimlerle, tehlikeli [&hellip;]<\/p>\n","protected":false},"author":1,"featured_media":0,"parent":0,"menu_order":0,"comment_status":"closed","ping_status":"closed","template":"","meta":{"footnotes":""},"class_list":["post-75127","page","type-page","status-publish","hentry"],"_links":{"self":[{"href":"https:\/\/istlog.com\/index.php\/wp-json\/wp\/v2\/pages\/75127","targetHints":{"allow":["GET"]}}],"collection":[{"href":"https:\/\/istlog.com\/index.php\/wp-json\/wp\/v2\/pages"}],"about":[{"href":"https:\/\/istlog.com\/index.php\/wp-json\/wp\/v2\/types\/page"}],"author":[{"embeddable":true,"href":"https:\/\/istlog.com\/index.php\/wp-json\/wp\/v2\/users\/1"}],"replies":[{"embeddable":true,"href":"https:\/\/istlog.com\/index.php\/wp-json\/wp\/v2\/comments?post=75127"}],"version-history":[{"count":7,"href":"https:\/\/istlog.com\/index.php\/wp-json\/wp\/v2\/pages\/75127\/revisions"}],"predecessor-version":[{"id":75279,"href":"https:\/\/istlog.com\/index.php\/wp-json\/wp\/v2\/pages\/75127\/revisions\/75279"}],"wp:attachment":[{"href":"https:\/\/istlog.com\/index.php\/wp-json\/wp\/v2\/media?parent=75127"}],"curies":[{"name":"wp","href":"https:\/\/api.w.org\/{rel}","templated":true}]}}