{"id":75088,"date":"2020-02-03T14:47:37","date_gmt":"2020-02-03T11:47:37","guid":{"rendered":"http:\/\/istlog.com\/?page_id=75088"},"modified":"2020-02-11T14:58:46","modified_gmt":"2020-02-11T11:58:46","slug":"parsiyel-tasimaciligi","status":"publish","type":"page","link":"https:\/\/istlog.com\/index.php\/parsiyel-tasimaciligi\/","title":{"rendered":"Parsiyel Y\u00fck Ta\u015f\u0131mac\u0131l\u0131\u011f\u0131"},"content":{"rendered":"<p>[vc_row][vc_column][vc_custom_heading text=&#8221;Parsiyel Y\u00fck Ta\u015f\u0131mac\u0131l\u0131\u011f\u0131&#8221; font_container=&#8221;tag:h2|text_align:center&#8221; el_class=&#8221;style1&#8243;][\/vc_column][\/vc_row][vc_row][vc_column][vc_empty_space][\/vc_column][\/vc_row][vc_row][vc_column width=&#8221;1\/2&#8243;][vc_wp_text]Parsiyel (LCL) servisimiz ile, ister k\u0131talar aras\u0131 ister yak\u0131n mesafeleri olsun, garantili kapasite, d\u00fczenli \u00e7\u0131k\u0131\u015flar ve farkl\u0131 var\u0131\u015f noktas\u0131 alternatifleri sunuyoruz. Parsiyel konteynerleri kendi i\u00e7imizde planlar ve dikkatli bir bi\u00e7imde y\u00fcklemeleri ger\u00e7ekle\u015ftiririz. Y\u00fckleri d\u00fczenli bir bi\u00e7imde d\u00fcnyan\u0131n her yerindeki kendi global a\u011f\u0131m\u0131z i\u00e7inde konsolide ederiz.<\/p>\n<p><strong>G\u00fcvenilir ta\u015f\u0131y\u0131c\u0131lar ile ta\u015f\u0131ma<\/strong><br \/>\nLCL () konteynerlerinin onayl\u0131 ve g\u00fcvenilir ta\u015f\u0131y\u0131c\u0131lar taraf\u0131ndan ta\u015f\u0131nd\u0131\u011f\u0131ndan emin olmak i\u00e7in bir Core Carrier program\u0131 uyguluyoruz. Profesyonel ambalajlama servislerimiz ile tedarik zincirinin her seviyesinde g\u00fcvenli y\u00fckleme yap\u0131lmas\u0131n\u0131 sa\u011fl\u0131yoruz. G\u00fcvenilir konsolide servislerimiz ile size g\u00fcncel ve uygun maliyetli sevkiyat plan\u0131 haz\u0131rlaman\u0131zda olanak sa\u011flamaktad\u0131r.<\/p>\n<p>D\u00fcnya \u00fczerinde s\u00fcrekli artan ticaret hacmini takiben \u00fcr\u00fcnlerin konsolidasyonu zorunlu hale gelmekte. Uluslararas\u0131 ta\u015f\u0131mas\u0131 ger\u00e7ekle\u015ftirilecek y\u00fckler bir konteynerin tamam\u0131n\u0131 dolduramad\u0131\u011f\u0131nda farkl\u0131 al\u0131c\u0131s\u0131 olan y\u00fckler\u00a0<strong>denizyolu parsiyel servis<\/strong>\u00a0(LCL) hizmetinde bir konteynerde ta\u015f\u0131nabilmektedir.<\/p>\n<p><strong>Denizyolu Parsiyel Servis Hizmetinin Avantajlar\u0131 Nelerdir?<\/strong><br \/>\n* Tercih edilen ta\u015f\u0131y\u0131c\u0131lar ile daha fazla rota se\u00e7ene\u011finden faydalanarak daha fazla ekipman ve y\u00fck alan\u0131 kullan\u0131m imkan\u0131<br \/>\n* Geli\u015fmi\u015f\u00a0<strong>denizyolu parsiyel servis<\/strong>\u00a0hizmetlerinden uygun maliyetlerde yararlanma imkan\u0131<\/p>\n<p><strong>ISTLOG Lojistik \u2013 Denizyolu Parsiyel Servis Hizmeti<\/strong><br \/>\nFarkl\u0131 ekipman \u00e7e\u015fitleri ile d\u00fcnyan\u0131n her yerine\u00a0<strong>denizyolu parsiyel servis<\/strong> hizmeti sa\u011fl\u0131yor, kargonuzun g\u00f6nderimini sizin i\u00e7in planlay\u0131p projlendirerek optimum s\u00fcrede ta\u015f\u0131yoruz. ISTLOG lojistik firmas\u0131 olarak t\u00fcm <em>denizyolu parsiyel servis<\/em>\u00a0(LCL) hizmetimizde sundu\u011fumuz kaliteli hizmetler ile kargonuzun do\u011fru zamanda do\u011fru yere uygun maliyetlerle ula\u015fmas\u0131n\u0131 sa\u011fl\u0131yoruz. Ayn\u0131 zamanda sevkiyat ak\u0131\u015f\u0131n\u0131 ve transit s\u00fcrelerini kontrol etme imkan\u0131na sahip oluyorsunuz.<\/p>\n<p>FCL\/LCL: tek bir konteynere iki ya da daha fazla ihracat\u00e7\u0131n\u0131n y\u00fck\u00fc y\u00fcklenir, ithalat\u00e7\u0131 tek firmad\u0131r.<br \/>\nLCL\/FCL: Bir ihracat\u00e7\u0131 taraf\u0131ndan y\u00fcklenen konteyner de iki ya da daha fazla ithalat\u00e7\u0131n\u0131n y\u00fck\u00fc vard\u0131r.<br \/>\nLCL\/LCL: Konteynere y\u00fcklenen parsiyel y\u00fck\u00fcn bir ihracat\u00e7\u0131s\u0131 ve bir ithalat\u00e7\u0131s\u0131 oldu\u011fu durumdur.<\/p>\n<p>Bir konteyneri dolduramayan (Less Than Container Load \u2013 LCL)\u00a0<strong>Denizyolu Parsiyel Servis<\/strong>\u00a0y\u00fcklemelerinde; konteynerin i\u00e7ine iki ya da daha fazla al\u0131c\u0131s\u0131 olan y\u00fckler konsolide edilerek y\u00fcklenir. Konteyner limana geldi\u011finde al\u0131c\u0131lar\u0131n g\u00fcmr\u00fck\u00e7\u00fcleri kontrol\u00fcnde a\u00e7\u0131larak mal sahipleri y\u00fcklerini al\u0131rlar.\u00a0<em>Denizyolu Parsiyel Servis<\/em>\u00a0y\u00fcklemeler; daha \u00f6nceden al\u0131nan bilgiler do\u011frultusundan ya limanda ya da lojistik \u015firketinin deposundan ger\u00e7ekle\u015fir.[\/vc_wp_text][\/vc_column][vc_column width=&#8221;1\/2&#8243;][vc_images_carousel images=&#8221;75234,75235&#8243; img_size=&#8221;full&#8221;][\/vc_column][\/vc_row]<\/p>\n","protected":false},"excerpt":{"rendered":"<p>[vc_row][vc_column][vc_custom_heading text=&#8221;Parsiyel Y\u00fck Ta\u015f\u0131mac\u0131l\u0131\u011f\u0131&#8221; font_container=&#8221;tag:h2|text_align:center&#8221; el_class=&#8221;style1&#8243;][\/vc_column][\/vc_row][vc_row][vc_column][vc_empty_space][\/vc_column][\/vc_row][vc_row][vc_column width=&#8221;1\/2&#8243;][vc_wp_text]Parsiyel (LCL) servisimiz ile, ister k\u0131talar aras\u0131 ister yak\u0131n mesafeleri olsun, garantili kapasite, d\u00fczenli [&hellip;]<\/p>\n","protected":false},"author":1,"featured_media":0,"parent":0,"menu_order":0,"comment_status":"closed","ping_status":"closed","template":"","meta":{"footnotes":""},"class_list":["post-75088","page","type-page","status-publish","hentry"],"_links":{"self":[{"href":"https:\/\/istlog.com\/index.php\/wp-json\/wp\/v2\/pages\/75088","targetHints":{"allow":["GET"]}}],"collection":[{"href":"https:\/\/istlog.com\/index.php\/wp-json\/wp\/v2\/pages"}],"about":[{"href":"https:\/\/istlog.com\/index.php\/wp-json\/wp\/v2\/types\/page"}],"author":[{"embeddable":true,"href":"https:\/\/istlog.com\/index.php\/wp-json\/wp\/v2\/users\/1"}],"replies":[{"embeddable":true,"href":"https:\/\/istlog.com\/index.php\/wp-json\/wp\/v2\/comments?post=75088"}],"version-history":[{"count":5,"href":"https:\/\/istlog.com\/index.php\/wp-json\/wp\/v2\/pages\/75088\/revisions"}],"predecessor-version":[{"id":75252,"href":"https:\/\/istlog.com\/index.php\/wp-json\/wp\/v2\/pages\/75088\/revisions\/75252"}],"wp:attachment":[{"href":"https:\/\/istlog.com\/index.php\/wp-json\/wp\/v2\/media?parent=75088"}],"curies":[{"name":"wp","href":"https:\/\/api.w.org\/{rel}","templated":true}]}}