{"id":19,"date":"2015-06-24T07:48:05","date_gmt":"2015-06-24T07:48:05","guid":{"rendered":"http:\/\/vnh.local\/transport\/?page_id=19"},"modified":"2020-02-19T19:25:03","modified_gmt":"2020-02-19T16:25:03","slug":"about-us","status":"publish","type":"page","link":"https:\/\/istlog.com\/index.php\/about-us\/","title":{"rendered":"Hakk\u0131m\u0131zda"},"content":{"rendered":"<p>[vc_row][vc_column][vc_empty_space height=&#8221;100px&#8221;][\/vc_column][\/vc_row][vc_row][vc_column width=&#8221;1\/2&#8243;][vc_custom_heading text=&#8221;Hakk\u0131m\u0131zda&#8221; font_container=&#8221;tag:h2|text_align:left|color:%230c0101&#8243; use_theme_fonts=&#8221;yes&#8221; css_animation=&#8221;none&#8221; el_class=&#8221;style1&#8243;][vc_column_text]&nbsp;<\/p>\n<p>\u201dMutlu M\u00fc\u015fteri\u201d slogan\u0131 ile uzun y\u0131llar Uluslararas\u0131 ve Ulusal Ta\u015f\u0131mac\u0131l\u0131k sekt\u00f6r\u00fcnde edindi\u011fimiz bilgi birikimi ve tecr\u00fcbe ile faaliyetlerimize ba\u015flad\u0131k. 1998 y\u0131l\u0131nda ba\u015flayan i\u015f hayat\u0131m\u0131zda, sek\u00f6t\u00f6r\u00fcn g\u00fcn\u00fcm\u00fcze gelinceye kadar, meydana gelen yenilikleri ve geli\u015fimleri takip ederek her zaman g\u00fcn\u00fcn getirdi\u011fi ko\u015fullara g\u00f6re hareket ederek m\u00fc\u015fterilerimize Lojistik \u00e7\u00f6z\u00fcmler \u00fcretmekteyiz. Tedarik Zinciri Y\u00f6netimi alt\u0131nda bir \u00fcr\u00fcn\u00fcn Hammade olarak ba\u015flayan ser\u00fcveninden t\u00fcketiceye ula\u015ft\u0131\u011f\u0131 son haline kadar s\u00fcrecin hepsinde Uluslararas\u0131 Nakliye, Dahili ta\u015f\u0131ma, Depolama , G\u00fcmr\u00fckleme ve Sigorta a\u015famalar\u0131n\u0131n tamam\u0131nda Butik Hizmet anlay\u0131\u015f\u0131 ile her ge\u00e7en g\u00fcn daha iyisini yapmak i\u00e7in yol \u00e7\u0131kt\u0131k[\/vc_column_text][\/vc_column][vc_column width=&#8221;1\/2&#8243;][vc_single_image image=&#8221;74995&#8243; img_size=&#8221;medium&#8221; alignment=&#8221;center&#8221; style=&#8221;vc_box_circle_2&#8243;][\/vc_column][\/vc_row][vc_row][vc_column][vc_separator][\/vc_column][\/vc_row][vc_row][vc_column][vc_empty_space height=&#8221;20px&#8221;][\/vc_column][\/vc_row][vc_row][vc_column width=&#8221;1\/2&#8243;][vc_custom_heading text=&#8221;Misyon&#8221;][vc_column_text]&nbsp;<\/p>\n<p>M\u00fc\u015fterilerimize h\u0131zl\u0131, ekonomik ve yenilik\u00e7i anlay\u0131\u015f ile hizmet vererek ve tedarik zincirlerine stratejik olarak de\u011fer katarak ana faaliyetlerine odaklanmalar\u0131n\u0131 sa\u011flamak.[\/vc_column_text][\/vc_column][vc_column width=&#8221;1\/2&#8243;][vc_custom_heading text=&#8221;Vizyon&#8221;][vc_column_text]&nbsp;<\/p>\n<p>Butik lojistik hizmetleri sunan, tercih edilen ve lider bir i\u015f orta\u011f\u0131 olmak.[\/vc_column_text][\/vc_column][\/vc_row][vc_row][vc_column][vc_separator][\/vc_column][\/vc_row][vc_row][vc_column][vc_custom_heading text=&#8221;Belgelerimiz&#8221;][vc_images_carousel images=&#8221;75288,75289&#8243; img_size=&#8221;medium&#8221; slides_per_view=&#8221;2&#8243;][\/vc_column][\/vc_row][vc_row][vc_column][vc_empty_space height=&#8221;80px&#8221;][\/vc_column][\/vc_row][vc_row][vc_column width=&#8221;1\/4&#8243;][vc_single_image image=&#8221;75115&#8243; img_size=&#8221;full&#8221; alignment=&#8221;center&#8221;][\/vc_column][vc_column width=&#8221;1\/4&#8243;][vc_single_image image=&#8221;75116&#8243; img_size=&#8221;full&#8221; alignment=&#8221;center&#8221;][\/vc_column][vc_column width=&#8221;1\/4&#8243;][vc_single_image image=&#8221;75117&#8243; img_size=&#8221;full&#8221; alignment=&#8221;center&#8221;][\/vc_column][vc_column width=&#8221;1\/4&#8243;][vc_single_image image=&#8221;75118&#8243; img_size=&#8221;full&#8221; alignment=&#8221;center&#8221;][\/vc_column][\/vc_row][vc_row][vc_column][vc_empty_space height=&#8221;82px&#8221;][\/vc_column][\/vc_row][vc_row full_width=&#8221;stretch_row&#8221; css=&#8221;.vc_custom_1460434142264{margin-bottom: 0px !important;border-top-width: 1px !important;padding-top: 50px !important;padding-bottom: 50px !important;background-color: #eeeeee !important;border-top-color: #dddddd !important;border-top-style: solid !important;}&#8221; el_class=&#8221;align-right&#8221;][vc_column width=&#8221;2\/3&#8243; css=&#8221;.vc_custom_1460434130864{padding-top: 0px !important;padding-bottom: 0px !important;}&#8221;][vc_custom_heading text=&#8221;Detaylar i\u00e7in L\u00fctfen \u0130leti\u015fime Ge\u00e7iniz.&#8221; font_container=&#8221;tag:h3|font_size:18|text_align:left|color:%23111111&#8243; use_theme_fonts=&#8221;yes&#8221; css=&#8221;.vc_custom_1581257317040{margin-top: 10px !important;}&#8221;][\/vc_column][vc_column width=&#8221;1\/3&#8243; css=&#8221;.vc_custom_1460434137244{padding-top: 0px !important;padding-bottom: 0px !important;}&#8221;][thememove_button text=&#8221;\u0130eti\u015fim &amp; Adres&#8221; url=&#8221;https:\/\/istlog.com\/index.php\/contact\/&#8221;][\/vc_column][\/vc_row]<\/p>\n","protected":false},"excerpt":{"rendered":"<p>[vc_row][vc_column][vc_empty_space height=&#8221;100px&#8221;][\/vc_column][\/vc_row][vc_row][vc_column width=&#8221;1\/2&#8243;][vc_custom_heading text=&#8221;Hakk\u0131m\u0131zda&#8221; font_container=&#8221;tag:h2|text_align:left|color:%230c0101&#8243; use_theme_fonts=&#8221;yes&#8221; css_animation=&#8221;none&#8221; el_class=&#8221;style1&#8243;][vc_column_text]&nbsp; \u201dMutlu M\u00fc\u015fteri\u201d slogan\u0131 ile uzun y\u0131llar Uluslararas\u0131 ve Ulusal Ta\u015f\u0131mac\u0131l\u0131k sekt\u00f6r\u00fcnde edindi\u011fimiz [&hellip;]<\/p>\n","protected":false},"author":1,"featured_media":0,"parent":0,"menu_order":0,"comment_status":"closed","ping_status":"closed","template":"","meta":{"footnotes":""},"class_list":["post-19","page","type-page","status-publish","hentry"],"_links":{"self":[{"href":"https:\/\/istlog.com\/index.php\/wp-json\/wp\/v2\/pages\/19","targetHints":{"allow":["GET"]}}],"collection":[{"href":"https:\/\/istlog.com\/index.php\/wp-json\/wp\/v2\/pages"}],"about":[{"href":"https:\/\/istlog.com\/index.php\/wp-json\/wp\/v2\/types\/page"}],"author":[{"embeddable":true,"href":"https:\/\/istlog.com\/index.php\/wp-json\/wp\/v2\/users\/1"}],"replies":[{"embeddable":true,"href":"https:\/\/istlog.com\/index.php\/wp-json\/wp\/v2\/comments?post=19"}],"version-history":[{"count":19,"href":"https:\/\/istlog.com\/index.php\/wp-json\/wp\/v2\/pages\/19\/revisions"}],"predecessor-version":[{"id":75290,"href":"https:\/\/istlog.com\/index.php\/wp-json\/wp\/v2\/pages\/19\/revisions\/75290"}],"wp:attachment":[{"href":"https:\/\/istlog.com\/index.php\/wp-json\/wp\/v2\/media?parent=19"}],"curies":[{"name":"wp","href":"https:\/\/api.w.org\/{rel}","templated":true}]}}